{"id":401,"date":"2025-07-08T16:53:50","date_gmt":"2025-07-08T14:53:50","guid":{"rendered":"https:\/\/www.hypegroup.hu\/?page_id=401"},"modified":"2025-07-08T16:55:59","modified_gmt":"2025-07-08T14:55:59","slug":"seo","status":"publish","type":"page","link":"https:\/\/www.hypegroup.hu\/en\/seo\/","title":{"rendered":"SEO"},"content":{"rendered":"<div data-elementor-type=\"wp-page\" data-elementor-id=\"401\" class=\"elementor elementor-401\">\n\t\t\t\t<div class=\"elementor-element elementor-element-0100f2c e-flex e-con-boxed e-con e-parent\" data-id=\"0100f2c\" data-element_type=\"container\" data-e-type=\"container\">\n\t\t\t\t\t<div class=\"e-con-inner\">\n\t\t\t\t<div class=\"elementor-element elementor-element-85ef1b4 elementor-widget elementor-widget-heading\" data-id=\"85ef1b4\" data-element_type=\"widget\" data-e-type=\"widget\" data-widget_type=\"heading.default\">\n\t\t\t\t<div class=\"elementor-widget-container\">\n\t\t\t\t\t<h2 class=\"elementor-heading-title elementor-size-default\"><h3 data-start=\"1000\" data-end=\"1032\" style=\"font-family: Montserrat, sans-serif\">\ud83d\udcc8 SEO \u2013 Keres\u0151optimaliz\u00e1l\u00e1s<span style=\", sans-serif;font-size: 45px\"><\/span><\/h3><\/h2>\t\t\t\t<\/div>\n\t\t\t\t<\/div>\n\t\t\t\t\t<\/div>\n\t\t\t\t<\/div>\n\t\t<div class=\"elementor-element elementor-element-134e9fa e-flex e-con-boxed e-con e-parent\" data-id=\"134e9fa\" data-element_type=\"container\" data-e-type=\"container\">\n\t\t\t\t\t<div class=\"e-con-inner\">\n\t\t\t\t<div class=\"elementor-element elementor-element-1c89080 elementor-widget elementor-widget-text-editor\" data-id=\"1c89080\" data-element_type=\"widget\" data-e-type=\"widget\" data-widget_type=\"text-editor.default\">\n\t\t\t\t<div class=\"elementor-widget-container\">\n\t\t\t\t\t\t\t\t\t<h3 style=\"color: #452c79; font-family: Montserrat, sans-serif;\" data-start=\"1000\" data-end=\"1032\"><span style=\"font-weight: bolder; font-size: 16px;\" data-start=\"1034\" data-end=\"1119\">L\u00e1that\u00f3v\u00e1 tessz\u00fck v\u00e1llalkoz\u00e1sod a Google-ben \u2013 ott \u00e9s akkor, amikor r\u00e1d keresnek.<\/span><\/h3><div><span style=\"font-weight: bolder; font-size: 16px;\" data-start=\"1034\" data-end=\"1119\">\u00a0<\/span><\/div>\t\t\t\t\t\t\t\t<\/div>\n\t\t\t\t<\/div>\n\t\t\t\t\t<\/div>\n\t\t\t\t<\/div>\n\t\t<div class=\"elementor-element elementor-element-62c6cde e-flex e-con-boxed e-con e-parent\" data-id=\"62c6cde\" data-element_type=\"container\" data-e-type=\"container\">\n\t\t\t\t\t<div class=\"e-con-inner\">\n\t\t\t\t<div class=\"elementor-element elementor-element-cb71e64 elementor-widget elementor-widget-image\" data-id=\"cb71e64\" data-element_type=\"widget\" data-e-type=\"widget\" data-widget_type=\"image.default\">\n\t\t\t\t<div class=\"elementor-widget-container\">\n\t\t\t\t\t\t\t\t\t\t\t\t\t\t\t<img fetchpriority=\"high\" decoding=\"async\" width=\"1920\" height=\"1076\" src=\"https:\/\/www.hypegroup.hu\/wp-content\/uploads\/2025\/07\/ai-generated-8819629_1920.jpg\" class=\"attachment-full size-full wp-image-403\" alt=\"\" srcset=\"https:\/\/www.hypegroup.hu\/wp-content\/uploads\/2025\/07\/ai-generated-8819629_1920.jpg 1920w, https:\/\/www.hypegroup.hu\/wp-content\/uploads\/2025\/07\/ai-generated-8819629_1920-300x168.jpg 300w, https:\/\/www.hypegroup.hu\/wp-content\/uploads\/2025\/07\/ai-generated-8819629_1920-1024x574.jpg 1024w, https:\/\/www.hypegroup.hu\/wp-content\/uploads\/2025\/07\/ai-generated-8819629_1920-768x430.jpg 768w, https:\/\/www.hypegroup.hu\/wp-content\/uploads\/2025\/07\/ai-generated-8819629_1920-1536x861.jpg 1536w\" sizes=\"(max-width: 1920px) 100vw, 1920px\" \/>\t\t\t\t\t\t\t\t\t\t\t\t\t\t\t<\/div>\n\t\t\t\t<\/div>\n\t\t\t\t\t<\/div>\n\t\t\t\t<\/div>\n\t\t<div class=\"elementor-element elementor-element-3cb7269 e-flex e-con-boxed e-con e-parent\" data-id=\"3cb7269\" data-element_type=\"container\" data-e-type=\"container\">\n\t\t\t\t\t<div class=\"e-con-inner\">\n\t\t\t\t<div class=\"elementor-element elementor-element-44478e3 elementor-widget elementor-widget-text-editor\" data-id=\"44478e3\" data-element_type=\"widget\" data-e-type=\"widget\" data-widget_type=\"text-editor.default\">\n\t\t\t\t<div class=\"elementor-widget-container\">\n\t\t\t\t\t\t\t\t\t<h3 data-start=\"1000\" data-end=\"1032\"><span style=\"font-size: 16px;\">A j\u00f3 SEO nem tr\u00fckk \u2013 <\/span><strong data-start=\"1142\" data-end=\"1175\" style=\"font-size: 16px;\">strat\u00e9gia \u00e9s folyamatos munka<\/strong><span style=\"font-size: 16px;\">, amely organikus l\u00e1togat\u00e1sokat, magasabb helyez\u00e9seket \u00e9s jobb konverzi\u00f3kat hoz.<\/span><\/h3>\n<p data-start=\"1257\" data-end=\"1277\"><strong data-start=\"1257\" data-end=\"1277\">Mit biztos\u00edtunk?<\/strong><\/p>\n<ul data-start=\"1278\" data-end=\"1483\">\n<li data-start=\"1278\" data-end=\"1313\">\n<p data-start=\"1280\" data-end=\"1313\">Technikai \u00e9s tartalmi SEO audit<\/p>\n<\/li>\n<li data-start=\"1314\" data-end=\"1350\">\n<p data-start=\"1316\" data-end=\"1350\">Kulcssz\u00f3kutat\u00e1s \u00e9s SEO-strat\u00e9gia<\/p>\n<\/li>\n<li data-start=\"1351\" data-end=\"1388\">\n<p data-start=\"1353\" data-end=\"1388\">On-page \u00e9s off-page optimaliz\u00e1l\u00e1s<\/p>\n<\/li>\n<li data-start=\"1389\" data-end=\"1435\">\n<p data-start=\"1391\" data-end=\"1435\">Folyamatos tartalomfriss\u00edt\u00e9s \u00e9s link\u00e9p\u00edt\u00e9s<\/p>\n<\/li>\n<li data-start=\"1436\" data-end=\"1483\">\n<p data-start=\"1438\" data-end=\"1483\">Google Search Console \u00e9s Analytics riport\u00e1l\u00e1s<\/p>\n<\/li>\n<\/ul>\n<p data-start=\"1485\" data-end=\"1500\"><strong data-start=\"1485\" data-end=\"1500\">A folyamat:<\/strong><\/p>\n<ol data-start=\"1501\" data-end=\"1651\">\n<li data-start=\"1501\" data-end=\"1529\">\n<p data-start=\"1504\" data-end=\"1529\">Audit + kulcssz\u00f3kutat\u00e1s<\/p>\n<\/li>\n<li data-start=\"1530\" data-end=\"1577\">\n<p data-start=\"1533\" data-end=\"1577\">Technikai \u00e9s tartalmi be\u00e1ll\u00edt\u00e1sok jav\u00edt\u00e1sa<\/p>\n<\/li>\n<li data-start=\"1578\" data-end=\"1612\">\n<p data-start=\"1581\" data-end=\"1612\">SEO-bar\u00e1t tartalmak k\u00e9sz\u00edt\u00e9se<\/p>\n<\/li>\n<li data-start=\"1613\" data-end=\"1651\">\n<p data-start=\"1616\" data-end=\"1651\">Havi fejl\u0151d\u00e9sk\u00f6vet\u00e9s, finomhangol\u00e1s<\/p>\n<\/li>\n<\/ol>\t\t\t\t\t\t\t\t<\/div>\n\t\t\t\t<\/div>\n\t\t\t\t\t<\/div>\n\t\t\t\t<\/div>\n\t\t\t\t<\/div>","protected":false},"excerpt":{"rendered":"<p>\ud83d\udcc8 SEO \u2013 Keres\u0151optimaliz\u00e1l\u00e1s L\u00e1that\u00f3v\u00e1 tessz\u00fck v\u00e1llalkoz\u00e1sod a Google-ben \u2013 ott \u00e9s akkor, amikor r\u00e1d keresnek. \u00a0 A j\u00f3 SEO nem tr\u00fckk \u2013 strat\u00e9gia \u00e9s folyamatos munka, amely organikus l\u00e1togat\u00e1sokat, magasabb helyez\u00e9seket \u00e9s jobb konverzi\u00f3kat hoz. Mit biztos\u00edtunk? Technikai \u00e9s tartalmi SEO audit Kulcssz\u00f3kutat\u00e1s \u00e9s SEO-strat\u00e9gia On-page \u00e9s off-page optimaliz\u00e1l\u00e1s Folyamatos tartalomfriss\u00edt\u00e9s \u00e9s link\u00e9p\u00edt\u00e9s Google [&hellip;]<\/p>\n","protected":false},"author":1,"featured_media":0,"parent":0,"menu_order":0,"comment_status":"closed","ping_status":"closed","template":"","meta":{"footnotes":""},"class_list":["post-401","page","type-page","status-publish","hentry"],"_links":{"self":[{"href":"https:\/\/www.hypegroup.hu\/en\/wp-json\/wp\/v2\/pages\/401","targetHints":{"allow":["GET"]}}],"collection":[{"href":"https:\/\/www.hypegroup.hu\/en\/wp-json\/wp\/v2\/pages"}],"about":[{"href":"https:\/\/www.hypegroup.hu\/en\/wp-json\/wp\/v2\/types\/page"}],"author":[{"embeddable":true,"href":"https:\/\/www.hypegroup.hu\/en\/wp-json\/wp\/v2\/users\/1"}],"replies":[{"embeddable":true,"href":"https:\/\/www.hypegroup.hu\/en\/wp-json\/wp\/v2\/comments?post=401"}],"version-history":[{"count":4,"href":"https:\/\/www.hypegroup.hu\/en\/wp-json\/wp\/v2\/pages\/401\/revisions"}],"predecessor-version":[{"id":406,"href":"https:\/\/www.hypegroup.hu\/en\/wp-json\/wp\/v2\/pages\/401\/revisions\/406"}],"wp:attachment":[{"href":"https:\/\/www.hypegroup.hu\/en\/wp-json\/wp\/v2\/media?parent=401"}],"curies":[{"name":"wp","href":"https:\/\/api.w.org\/{rel}","templated":true}]}}