{"id":410,"date":"2025-07-08T17:02:32","date_gmt":"2025-07-08T15:02:32","guid":{"rendered":"https:\/\/www.hypegroup.hu\/?page_id=410"},"modified":"2025-07-08T17:03:09","modified_gmt":"2025-07-08T15:03:09","slug":"ppc","status":"publish","type":"page","link":"https:\/\/www.hypegroup.hu\/en\/ppc\/","title":{"rendered":"PPC"},"content":{"rendered":"<div data-elementor-type=\"wp-page\" data-elementor-id=\"410\" class=\"elementor elementor-410\">\n\t\t\t\t<div class=\"elementor-element elementor-element-0c1eefd e-flex e-con-boxed e-con e-parent\" data-id=\"0c1eefd\" data-element_type=\"container\" data-e-type=\"container\">\n\t\t\t\t\t<div class=\"e-con-inner\">\n\t\t\t\t<div class=\"elementor-element elementor-element-8f3aeb7 elementor-widget elementor-widget-heading\" data-id=\"8f3aeb7\" data-element_type=\"widget\" data-e-type=\"widget\" data-widget_type=\"heading.default\">\n\t\t\t\t<div class=\"elementor-widget-container\">\n\t\t\t\t\t<h2 class=\"elementor-heading-title elementor-size-default\">\ud83c\udfaf PPC \u2013 Fizetett hirdet\u00e9sek (Google, Meta, TikTok, LinkedIN)<\/h2>\t\t\t\t<\/div>\n\t\t\t\t<\/div>\n\t\t\t\t\t<\/div>\n\t\t\t\t<\/div>\n\t\t<div class=\"elementor-element elementor-element-9e8a523 e-flex e-con-boxed e-con e-parent\" data-id=\"9e8a523\" data-element_type=\"container\" data-e-type=\"container\">\n\t\t\t\t\t<div class=\"e-con-inner\">\n\t\t\t\t<div class=\"elementor-element elementor-element-ece92cf elementor-widget elementor-widget-text-editor\" data-id=\"ece92cf\" data-element_type=\"widget\" data-e-type=\"widget\" data-widget_type=\"text-editor.default\">\n\t\t\t\t<div class=\"elementor-widget-container\">\n\t\t\t\t\t\t\t\t\t<p><strong>C\u00e9lzott kamp\u00e1nyok, amelyek nemcsak l\u00e1that\u00f3s\u00e1got, hanem eredm\u00e9nyeket is hoznak.<\/strong><\/p>\t\t\t\t\t\t\t\t<\/div>\n\t\t\t\t<\/div>\n\t\t\t\t\t<\/div>\n\t\t\t\t<\/div>\n\t\t<div class=\"elementor-element elementor-element-58ee1de e-flex e-con-boxed e-con e-parent\" data-id=\"58ee1de\" data-element_type=\"container\" data-e-type=\"container\">\n\t\t\t\t\t<div class=\"e-con-inner\">\n\t\t\t\t<div class=\"elementor-element elementor-element-9e9ef70 elementor-widget elementor-widget-image\" data-id=\"9e9ef70\" data-element_type=\"widget\" data-e-type=\"widget\" data-widget_type=\"image.default\">\n\t\t\t\t<div class=\"elementor-widget-container\">\n\t\t\t\t\t\t\t\t\t\t\t\t\t\t\t<img fetchpriority=\"high\" decoding=\"async\" width=\"2560\" height=\"1440\" src=\"https:\/\/www.hypegroup.hu\/wp-content\/uploads\/2025\/07\/ppc-scaled.png\" class=\"attachment-full size-full wp-image-413\" alt=\"\" srcset=\"https:\/\/www.hypegroup.hu\/wp-content\/uploads\/2025\/07\/ppc-scaled.png 2560w, https:\/\/www.hypegroup.hu\/wp-content\/uploads\/2025\/07\/ppc-300x169.png 300w, https:\/\/www.hypegroup.hu\/wp-content\/uploads\/2025\/07\/ppc-1024x576.png 1024w, https:\/\/www.hypegroup.hu\/wp-content\/uploads\/2025\/07\/ppc-768x432.png 768w, https:\/\/www.hypegroup.hu\/wp-content\/uploads\/2025\/07\/ppc-1536x864.png 1536w, https:\/\/www.hypegroup.hu\/wp-content\/uploads\/2025\/07\/ppc-2048x1152.png 2048w\" sizes=\"(max-width: 2560px) 100vw, 2560px\" \/>\t\t\t\t\t\t\t\t\t\t\t\t\t\t\t<\/div>\n\t\t\t\t<\/div>\n\t\t\t\t\t<\/div>\n\t\t\t\t<\/div>\n\t\t<div class=\"elementor-element elementor-element-5fef542 e-flex e-con-boxed e-con e-parent\" data-id=\"5fef542\" data-element_type=\"container\" data-e-type=\"container\">\n\t\t\t\t\t<div class=\"e-con-inner\">\n\t\t\t\t<div class=\"elementor-element elementor-element-4262899 elementor-widget elementor-widget-text-editor\" data-id=\"4262899\" data-element_type=\"widget\" data-e-type=\"widget\" data-widget_type=\"text-editor.default\">\n\t\t\t\t<div class=\"elementor-widget-container\">\n\t\t\t\t\t\t\t\t\t<p>\u00a0<\/p><p data-start=\"358\" data-end=\"619\">A j\u00f3l fel\u00e9p\u00edtett PPC kamp\u00e1ny gyorsan hoz forgalmat, leadet vagy v\u00e1s\u00e1rl\u00f3t \u2013 de csak akkor, ha strat\u00e9gi\u00e1val van megt\u00e1mogatva. N\u00e1lunk nem csak be\u00e1ll\u00edtunk, <strong data-start=\"510\" data-end=\"561\">hanem folyamatosan optimaliz\u00e1lunk \u00e9s tesztel\u00fcnk<\/strong>, hogy a lehet\u0151 legjobb megt\u00e9r\u00fcl\u00e9st hozd ki a k\u00f6lt\u00e9sedb\u0151l.<\/p><hr data-start=\"621\" data-end=\"624\" \/><p data-start=\"626\" data-end=\"659\"><strong data-start=\"626\" data-end=\"659\">Mit tartalmaz a szolg\u00e1ltat\u00e1s?<\/strong><\/p><ul data-start=\"661\" data-end=\"1083\"><li data-start=\"661\" data-end=\"727\"><p data-start=\"663\" data-end=\"727\"><strong data-start=\"663\" data-end=\"677\">Google Ads<\/strong> \u2013 keres\u0151, display, remarketing, Performance Max<\/p><\/li><li data-start=\"728\" data-end=\"801\"><p data-start=\"730\" data-end=\"801\"><strong data-start=\"730\" data-end=\"742\">Meta Ads<\/strong> \u2013 Facebook, Instagram hirdet\u00e9sek kamp\u00e1nystrat\u00e9gia ment\u00e9n<\/p><\/li><li data-start=\"802\" data-end=\"868\"><p data-start=\"804\" data-end=\"868\"><strong data-start=\"804\" data-end=\"820\">LinkedIn Ads<\/strong> \u2013 B2B kamp\u00e1nyok, leadgener\u00e1l\u00e1s \u00e9s m\u00e1rka\u00e9p\u00edt\u00e9s<\/p><\/li><li data-start=\"869\" data-end=\"940\"><p data-start=\"871\" data-end=\"940\"><strong data-start=\"871\" data-end=\"885\">TikTok Ads<\/strong> \u2013 kreat\u00edv vide\u00f3s kamp\u00e1nyok fiatalabb c\u00e9lcsoportoknak<\/p><\/li><li data-start=\"941\" data-end=\"989\"><p data-start=\"943\" data-end=\"989\">Kulcssz\u00f3kutat\u00e1s, c\u00e9lz\u00e1si logika, A\/B tesztek<\/p><\/li><li data-start=\"990\" data-end=\"1039\"><p data-start=\"992\" data-end=\"1039\">Hirdet\u00e9ssz\u00f6vegek \u00e9s kreat\u00edv anyagok k\u00e9sz\u00edt\u00e9se<\/p><\/li><li data-start=\"1040\" data-end=\"1083\"><p data-start=\"1042\" data-end=\"1083\">Heti\/havi riport\u00e1l\u00e1s, eredm\u00e9nyek elemz\u00e9se<\/p><\/li><\/ul><hr data-start=\"1085\" data-end=\"1088\" \/><p data-start=\"1090\" data-end=\"1111\"><strong data-start=\"1090\" data-end=\"1111\">Hogyan dolgozunk?<\/strong><\/p><ol data-start=\"1113\" data-end=\"1524\"><li data-start=\"1113\" data-end=\"1198\"><p data-start=\"1116\" data-end=\"1198\">\ud83c\udfaf <strong data-start=\"1119\" data-end=\"1146\">Kamp\u00e1nyc\u00e9l meghat\u00e1roz\u00e1s<\/strong>: Mi a c\u00e9l \u2013 el\u00e9r\u00e9s, forgalom, lead vagy v\u00e1s\u00e1rl\u00e1s?<\/p><\/li><li data-start=\"1199\" data-end=\"1280\"><p data-start=\"1202\" data-end=\"1280\">\ud83e\udde0 <strong data-start=\"1205\" data-end=\"1239\">K\u00f6z\u00f6ns\u00e9g- \u00e9s platformv\u00e1laszt\u00e1s<\/strong>: Hol \u00e9rj\u00fck el \u0151ket a leghat\u00e9konyabban?<\/p><\/li><li data-start=\"1281\" data-end=\"1365\"><p data-start=\"1284\" data-end=\"1365\">\ud83d\udee0\ufe0f <strong data-start=\"1288\" data-end=\"1319\">Kreat\u00edvgy\u00e1rt\u00e1s \u00e9s be\u00e1ll\u00edt\u00e1s<\/strong>: Sz\u00f6veg\u00edr\u00e1s, vizu\u00e1lk\u00e9sz\u00edt\u00e9s, kamp\u00e1nyind\u00edt\u00e1s<\/p><\/li><li data-start=\"1366\" data-end=\"1446\"><p data-start=\"1369\" data-end=\"1446\">\ud83d\udcca <strong data-start=\"1372\" data-end=\"1400\">Optimaliz\u00e1l\u00e1s \u00e9s elemz\u00e9s<\/strong>: Hetente elemezz\u00fck \u00e9s m\u00f3dos\u00edtjuk, amit kell<\/p><\/li><li data-start=\"1447\" data-end=\"1524\"><p data-start=\"1450\" data-end=\"1524\">\ud83d\udcc8 <strong data-start=\"1453\" data-end=\"1481\">Riport\u00e1l\u00e1s \u00e9s tanuls\u00e1gok<\/strong>: \u00c1tl\u00e1that\u00f3, \u00e9rthet\u0151 riport minden h\u00f3napban<\/p><\/li><\/ol><hr data-start=\"1526\" data-end=\"1529\" \/><p data-start=\"1531\" data-end=\"1552\"><strong data-start=\"1531\" data-end=\"1552\">Mire sz\u00e1m\u00edthatsz?<\/strong><\/p><ul data-start=\"1554\" data-end=\"1699\"><li data-start=\"1554\" data-end=\"1583\"><p data-start=\"1556\" data-end=\"1583\">Gyors, c\u00e9lzott eredm\u00e9nyek<\/p><\/li><li data-start=\"1584\" data-end=\"1617\"><p data-start=\"1586\" data-end=\"1617\">Tesztel\u00e9s alap\u00fa optimaliz\u00e1l\u00e1s<\/p><\/li><li data-start=\"1618\" data-end=\"1633\"><p data-start=\"1620\" data-end=\"1633\">M\u00e9rhet\u0151 ROI<\/p><\/li><li data-start=\"1634\" data-end=\"1699\"><p data-start=\"1636\" data-end=\"1699\">Teljes \u00e1tl\u00e1that\u00f3s\u00e1g \u2013 nem csak hirdet\u00fcnk, <strong data-start=\"1678\" data-end=\"1699\">partnerek vagyunk<\/strong><\/p><\/li><\/ul>\t\t\t\t\t\t\t\t<\/div>\n\t\t\t\t<\/div>\n\t\t\t\t\t<\/div>\n\t\t\t\t<\/div>\n\t\t\t\t<\/div>","protected":false},"excerpt":{"rendered":"<p>\ud83c\udfaf PPC \u2013 Fizetett hirdet\u00e9sek (Google, Meta, TikTok, LinkedIN) C\u00e9lzott kamp\u00e1nyok, amelyek nemcsak l\u00e1that\u00f3s\u00e1got, hanem eredm\u00e9nyeket is hoznak. \u00a0 A j\u00f3l fel\u00e9p\u00edtett PPC kamp\u00e1ny gyorsan hoz forgalmat, leadet vagy v\u00e1s\u00e1rl\u00f3t \u2013 de csak akkor, ha strat\u00e9gi\u00e1val van megt\u00e1mogatva. N\u00e1lunk nem csak be\u00e1ll\u00edtunk, hanem folyamatosan optimaliz\u00e1lunk \u00e9s tesztel\u00fcnk, hogy a lehet\u0151 legjobb megt\u00e9r\u00fcl\u00e9st hozd ki a [&hellip;]<\/p>\n","protected":false},"author":1,"featured_media":0,"parent":0,"menu_order":0,"comment_status":"closed","ping_status":"closed","template":"","meta":{"footnotes":""},"class_list":["post-410","page","type-page","status-publish","hentry"],"_links":{"self":[{"href":"https:\/\/www.hypegroup.hu\/en\/wp-json\/wp\/v2\/pages\/410","targetHints":{"allow":["GET"]}}],"collection":[{"href":"https:\/\/www.hypegroup.hu\/en\/wp-json\/wp\/v2\/pages"}],"about":[{"href":"https:\/\/www.hypegroup.hu\/en\/wp-json\/wp\/v2\/types\/page"}],"author":[{"embeddable":true,"href":"https:\/\/www.hypegroup.hu\/en\/wp-json\/wp\/v2\/users\/1"}],"replies":[{"embeddable":true,"href":"https:\/\/www.hypegroup.hu\/en\/wp-json\/wp\/v2\/comments?post=410"}],"version-history":[{"count":5,"href":"https:\/\/www.hypegroup.hu\/en\/wp-json\/wp\/v2\/pages\/410\/revisions"}],"predecessor-version":[{"id":416,"href":"https:\/\/www.hypegroup.hu\/en\/wp-json\/wp\/v2\/pages\/410\/revisions\/416"}],"wp:attachment":[{"href":"https:\/\/www.hypegroup.hu\/en\/wp-json\/wp\/v2\/media?parent=410"}],"curies":[{"name":"wp","href":"https:\/\/api.w.org\/{rel}","templated":true}]}}