{"id":420,"date":"2025-07-08T17:22:15","date_gmt":"2025-07-08T15:22:15","guid":{"rendered":"https:\/\/www.hypegroup.hu\/?page_id=420"},"modified":"2025-07-08T17:49:40","modified_gmt":"2025-07-08T15:49:40","slug":"strategia","status":"publish","type":"page","link":"https:\/\/www.hypegroup.hu\/en\/strategia\/","title":{"rendered":"Strategy"},"content":{"rendered":"<div data-elementor-type=\"wp-page\" data-elementor-id=\"420\" class=\"elementor elementor-420\">\n\t\t\t\t<div class=\"elementor-element elementor-element-f678711 e-flex e-con-boxed e-con e-parent\" data-id=\"f678711\" data-element_type=\"container\" data-e-type=\"container\">\n\t\t\t\t\t<div class=\"e-con-inner\">\n\t\t\t\t<div class=\"elementor-element elementor-element-bff6777 elementor-widget elementor-widget-heading\" data-id=\"bff6777\" data-element_type=\"widget\" data-e-type=\"widget\" data-widget_type=\"heading.default\">\n\t\t\t\t<div class=\"elementor-widget-container\">\n\t\t\t\t\t<h2 class=\"elementor-heading-title elementor-size-default\">\ud83d\udca1 Strat\u00e9gia<\/h2>\t\t\t\t<\/div>\n\t\t\t\t<\/div>\n\t\t\t\t\t<\/div>\n\t\t\t\t<\/div>\n\t\t<div class=\"elementor-element elementor-element-21e326f e-flex e-con-boxed e-con e-parent\" data-id=\"21e326f\" data-element_type=\"container\" data-e-type=\"container\">\n\t\t\t\t\t<div class=\"e-con-inner\">\n\t\t\t\t<div class=\"elementor-element elementor-element-ce46761 elementor-widget elementor-widget-text-editor\" data-id=\"ce46761\" data-element_type=\"widget\" data-e-type=\"widget\" data-widget_type=\"text-editor.default\">\n\t\t\t\t<div class=\"elementor-widget-container\">\n\t\t\t\t\t\t\t\t\t<p><strong>A siker nem a v\u00e9letlen m\u0171ve \u2013 hanem egy j\u00f3l fel\u00e9p\u00edtett, adatalap\u00fa rendszer eredm\u00e9nye.<\/strong><\/p>\t\t\t\t\t\t\t\t<\/div>\n\t\t\t\t<\/div>\n\t\t\t\t\t<\/div>\n\t\t\t\t<\/div>\n\t\t<div class=\"elementor-element elementor-element-f07f46a e-flex e-con-boxed e-con e-parent\" data-id=\"f07f46a\" data-element_type=\"container\" data-e-type=\"container\">\n\t\t\t\t\t<div class=\"e-con-inner\">\n\t\t\t\t<div class=\"elementor-element elementor-element-de30448 elementor-widget elementor-widget-image\" data-id=\"de30448\" data-element_type=\"widget\" data-e-type=\"widget\" data-widget_type=\"image.default\">\n\t\t\t\t<div class=\"elementor-widget-container\">\n\t\t\t\t\t\t\t\t\t\t\t\t\t\t\t<img fetchpriority=\"high\" decoding=\"async\" width=\"2400\" height=\"1350\" src=\"https:\/\/www.hypegroup.hu\/wp-content\/uploads\/2025\/07\/mark.png\" class=\"attachment-full size-full wp-image-425\" alt=\"\" srcset=\"https:\/\/www.hypegroup.hu\/wp-content\/uploads\/2025\/07\/mark.png 2400w, https:\/\/www.hypegroup.hu\/wp-content\/uploads\/2025\/07\/mark-300x169.png 300w, https:\/\/www.hypegroup.hu\/wp-content\/uploads\/2025\/07\/mark-1024x576.png 1024w, https:\/\/www.hypegroup.hu\/wp-content\/uploads\/2025\/07\/mark-768x432.png 768w, https:\/\/www.hypegroup.hu\/wp-content\/uploads\/2025\/07\/mark-1536x864.png 1536w, https:\/\/www.hypegroup.hu\/wp-content\/uploads\/2025\/07\/mark-2048x1152.png 2048w\" sizes=\"(max-width: 2400px) 100vw, 2400px\" \/>\t\t\t\t\t\t\t\t\t\t\t\t\t\t\t<\/div>\n\t\t\t\t<\/div>\n\t\t\t\t<div class=\"elementor-element elementor-element-fec6ad7 elementor-widget elementor-widget-text-editor\" data-id=\"fec6ad7\" data-element_type=\"widget\" data-e-type=\"widget\" data-widget_type=\"text-editor.default\">\n\t\t\t\t<div class=\"elementor-widget-container\">\n\t\t\t\t\t\t\t\t\t<p data-start=\"2499\" data-end=\"2620\">Mi nem sablonokkal dolgozunk. Olyan <strong data-start=\"2535\" data-end=\"2554\">m\u00e1rkastrat\u00e9gi\u00e1t<\/strong> \u00e9s online jelenl\u00e9t-tervet k\u00e9sz\u00edt\u00fcnk, ami hossz\u00fa t\u00e1von is m\u0171k\u00f6dik.<\/p><p data-start=\"2622\" data-end=\"2640\"><strong data-start=\"2622\" data-end=\"2640\">Mit jelent ez?<\/strong><\/p><ul data-start=\"2641\" data-end=\"2805\"><li data-start=\"2641\" data-end=\"2690\"><p data-start=\"2643\" data-end=\"2690\">\u00dczleti c\u00e9lokhoz illesztett marketingstrat\u00e9gia<\/p><\/li><li data-start=\"2691\" data-end=\"2729\"><p data-start=\"2693\" data-end=\"2729\">C\u00e9lcsoport- \u00e9s versenyt\u00e1rs-elemz\u00e9s<\/p><\/li><li data-start=\"2730\" data-end=\"2758\"><p data-start=\"2732\" data-end=\"2758\">Kommunik\u00e1ci\u00f3s ir\u00e1nyvonal<\/p><\/li><li data-start=\"2759\" data-end=\"2805\"><p data-start=\"2761\" data-end=\"2805\">M\u00e1rkapozicion\u00e1l\u00e1s \u00e9s tartalomnapt\u00e1r-tervez\u00e9s<\/p><\/li><\/ul><p data-start=\"2807\" data-end=\"2824\"><strong data-start=\"2807\" data-end=\"2824\">Folyamataink:<\/strong><\/p><ol data-start=\"2825\" data-end=\"2976\"><li data-start=\"2825\" data-end=\"2862\"><p data-start=\"2828\" data-end=\"2862\">Workshop vagy online konzult\u00e1ci\u00f3<\/p><\/li><li data-start=\"2863\" data-end=\"2895\"><p data-start=\"2866\" data-end=\"2895\">Piaci \u00e9s konkurenciaelemz\u00e9s<\/p><\/li><li data-start=\"2896\" data-end=\"2932\"><p data-start=\"2899\" data-end=\"2932\">Strat\u00e9giadokumentum kidolgoz\u00e1sa<\/p><\/li><li data-start=\"2933\" data-end=\"2976\"><p data-start=\"2936\" data-end=\"2976\">Kivitelez\u00e9si terv + javaslat csatorn\u00e1kra<\/p><\/li><\/ol>\t\t\t\t\t\t\t\t<\/div>\n\t\t\t\t<\/div>\n\t\t\t\t\t<\/div>\n\t\t\t\t<\/div>\n\t\t\t\t<\/div>","protected":false},"excerpt":{"rendered":"<p>\ud83d\udca1 Strat\u00e9gia A siker nem a v\u00e9letlen m\u0171ve \u2013 hanem egy j\u00f3l fel\u00e9p\u00edtett, adatalap\u00fa rendszer eredm\u00e9nye. Mi nem sablonokkal dolgozunk. Olyan m\u00e1rkastrat\u00e9gi\u00e1t \u00e9s online jelenl\u00e9t-tervet k\u00e9sz\u00edt\u00fcnk, ami hossz\u00fa t\u00e1von is m\u0171k\u00f6dik. Mit jelent ez? \u00dczleti c\u00e9lokhoz illesztett marketingstrat\u00e9gia C\u00e9lcsoport- \u00e9s versenyt\u00e1rs-elemz\u00e9s Kommunik\u00e1ci\u00f3s ir\u00e1nyvonal M\u00e1rkapozicion\u00e1l\u00e1s \u00e9s tartalomnapt\u00e1r-tervez\u00e9s Folyamataink: Workshop vagy online konzult\u00e1ci\u00f3 Piaci \u00e9s konkurenciaelemz\u00e9s Strat\u00e9giadokumentum [&hellip;]<\/p>\n","protected":false},"author":1,"featured_media":0,"parent":0,"menu_order":0,"comment_status":"closed","ping_status":"closed","template":"","meta":{"footnotes":""},"class_list":["post-420","page","type-page","status-publish","hentry"],"_links":{"self":[{"href":"https:\/\/www.hypegroup.hu\/en\/wp-json\/wp\/v2\/pages\/420","targetHints":{"allow":["GET"]}}],"collection":[{"href":"https:\/\/www.hypegroup.hu\/en\/wp-json\/wp\/v2\/pages"}],"about":[{"href":"https:\/\/www.hypegroup.hu\/en\/wp-json\/wp\/v2\/types\/page"}],"author":[{"embeddable":true,"href":"https:\/\/www.hypegroup.hu\/en\/wp-json\/wp\/v2\/users\/1"}],"replies":[{"embeddable":true,"href":"https:\/\/www.hypegroup.hu\/en\/wp-json\/wp\/v2\/comments?post=420"}],"version-history":[{"count":7,"href":"https:\/\/www.hypegroup.hu\/en\/wp-json\/wp\/v2\/pages\/420\/revisions"}],"predecessor-version":[{"id":479,"href":"https:\/\/www.hypegroup.hu\/en\/wp-json\/wp\/v2\/pages\/420\/revisions\/479"}],"wp:attachment":[{"href":"https:\/\/www.hypegroup.hu\/en\/wp-json\/wp\/v2\/media?parent=420"}],"curies":[{"name":"wp","href":"https:\/\/api.w.org\/{rel}","templated":true}]}}