{"id":441,"date":"2025-07-08T17:34:26","date_gmt":"2025-07-08T15:34:26","guid":{"rendered":"https:\/\/www.hypegroup.hu\/?page_id=441"},"modified":"2025-07-08T17:37:50","modified_gmt":"2025-07-08T15:37:50","slug":"uzletfejlesztes","status":"publish","type":"page","link":"https:\/\/www.hypegroup.hu\/en\/uzletfejlesztes\/","title":{"rendered":"Business Development"},"content":{"rendered":"<div data-elementor-type=\"wp-page\" data-elementor-id=\"441\" class=\"elementor elementor-441\">\n\t\t\t\t<div class=\"elementor-element elementor-element-0fb2b82 e-flex e-con-boxed e-con e-parent\" data-id=\"0fb2b82\" data-element_type=\"container\" data-e-type=\"container\">\n\t\t\t\t\t<div class=\"e-con-inner\">\n\t\t\t\t<div class=\"elementor-element elementor-element-8d2be0d elementor-widget elementor-widget-heading\" data-id=\"8d2be0d\" data-element_type=\"widget\" data-e-type=\"widget\" data-widget_type=\"heading.default\">\n\t\t\t\t<div class=\"elementor-widget-container\">\n\t\t\t\t\t<h1 class=\"elementor-heading-title elementor-size-default\">\ud83c\udf0d\u00dczletfejleszt\u00e9s<\/h1>\t\t\t\t<\/div>\n\t\t\t\t<\/div>\n\t\t\t\t\t<\/div>\n\t\t\t\t<\/div>\n\t\t<div class=\"elementor-element elementor-element-1621113 e-flex e-con-boxed e-con e-parent\" data-id=\"1621113\" data-element_type=\"container\" data-e-type=\"container\">\n\t\t\t\t\t<div class=\"e-con-inner\">\n\t\t\t\t<div class=\"elementor-element elementor-element-4431c8a elementor-widget elementor-widget-text-editor\" data-id=\"4431c8a\" data-element_type=\"widget\" data-e-type=\"widget\" data-widget_type=\"text-editor.default\">\n\t\t\t\t<div class=\"elementor-widget-container\">\n\t\t\t\t\t\t\t\t\t<h4>Tudatos n\u00f6veked\u00e9s, stabil alapokra \u00e9p\u00edtve.<\/h4>\t\t\t\t\t\t\t\t<\/div>\n\t\t\t\t<\/div>\n\t\t\t\t\t<\/div>\n\t\t\t\t<\/div>\n\t\t<div class=\"elementor-element elementor-element-918528c e-flex e-con-boxed e-con e-parent\" data-id=\"918528c\" data-element_type=\"container\" data-e-type=\"container\">\n\t\t\t\t\t<div class=\"e-con-inner\">\n\t\t\t\t<div class=\"elementor-element elementor-element-acd5cf8 elementor-widget elementor-widget-image\" data-id=\"acd5cf8\" data-element_type=\"widget\" data-e-type=\"widget\" data-widget_type=\"image.default\">\n\t\t\t\t<div class=\"elementor-widget-container\">\n\t\t\t\t\t\t\t\t\t\t\t\t\t\t\t<img fetchpriority=\"high\" decoding=\"async\" width=\"1920\" height=\"1080\" src=\"https:\/\/www.hypegroup.hu\/wp-content\/uploads\/2025\/07\/hyppp.png\" class=\"attachment-full size-full wp-image-443\" alt=\"\" srcset=\"https:\/\/www.hypegroup.hu\/wp-content\/uploads\/2025\/07\/hyppp.png 1920w, https:\/\/www.hypegroup.hu\/wp-content\/uploads\/2025\/07\/hyppp-300x169.png 300w, https:\/\/www.hypegroup.hu\/wp-content\/uploads\/2025\/07\/hyppp-1024x576.png 1024w, https:\/\/www.hypegroup.hu\/wp-content\/uploads\/2025\/07\/hyppp-768x432.png 768w, https:\/\/www.hypegroup.hu\/wp-content\/uploads\/2025\/07\/hyppp-1536x864.png 1536w\" sizes=\"(max-width: 1920px) 100vw, 1920px\" \/>\t\t\t\t\t\t\t\t\t\t\t\t\t\t\t<\/div>\n\t\t\t\t<\/div>\n\t\t\t\t\t<\/div>\n\t\t\t\t<\/div>\n\t\t<div class=\"elementor-element elementor-element-8f6689f e-flex e-con-boxed e-con e-parent\" data-id=\"8f6689f\" data-element_type=\"container\" data-e-type=\"container\">\n\t\t\t\t\t<div class=\"e-con-inner\">\n\t\t\t\t<div class=\"elementor-element elementor-element-1460bcc elementor-widget elementor-widget-text-editor\" data-id=\"1460bcc\" data-element_type=\"widget\" data-e-type=\"widget\" data-widget_type=\"text-editor.default\">\n\t\t\t\t<div class=\"elementor-widget-container\">\n\t\t\t\t\t\t\t\t\t<p data-start=\"4778\" data-end=\"4934\">\u00a0<\/p><p data-start=\"4778\" data-end=\"4934\">C\u00e9gre szabott \u00fczletfejleszt\u00e9si tan\u00e1csad\u00e1sunk seg\u00edt abban, hogy v\u00e1llalkoz\u00e1sod <strong data-start=\"4855\" data-end=\"4900\">struktur\u00e1ltan, l\u00e9p\u00e9sr\u0151l l\u00e9p\u00e9sre fejl\u0151dj\u00f6n<\/strong> \u00e9s tart\u00f3s versenyel\u0151nyh\u00f6z jusson.<\/p><p data-start=\"4936\" data-end=\"4954\"><strong data-start=\"4936\" data-end=\"4954\">Mit tartalmaz?<\/strong><\/p><ul data-start=\"4955\" data-end=\"5139\"><li data-start=\"4955\" data-end=\"4986\"><p data-start=\"4957\" data-end=\"4986\">Piac- \u00e9s c\u00e9lcsoport elemz\u00e9s<\/p><\/li><li data-start=\"4987\" data-end=\"5021\"><p data-start=\"4989\" data-end=\"5021\">\u00c1rstrat\u00e9gia, aj\u00e1nlati csomagok<\/p><\/li><li data-start=\"5022\" data-end=\"5061\"><p data-start=\"5024\" data-end=\"5061\">\u00c9rt\u00e9kes\u00edt\u00e9si folyamatok \u00e1talak\u00edt\u00e1sa<\/p><\/li><li data-start=\"5062\" data-end=\"5107\"><p data-start=\"5064\" data-end=\"5107\">M\u00e1rkafejleszt\u00e9s \u00e9s partneri h\u00e1l\u00f3zat\u00e9p\u00edt\u00e9s<\/p><\/li><li data-start=\"5108\" data-end=\"5139\"><p data-start=\"5110\" data-end=\"5139\">Digit\u00e1lis fejleszt\u00e9si ir\u00e1nyok<\/p><\/li><\/ul><p data-start=\"5141\" data-end=\"5154\"><strong data-start=\"5141\" data-end=\"5154\">Folyamat:<\/strong><\/p><ol data-start=\"5155\" data-end=\"5290\"><li data-start=\"5155\" data-end=\"5186\"><p data-start=\"5158\" data-end=\"5186\">C\u00e9gdiagn\u00f3zis \u00e9s c\u00e9lkit\u0171z\u00e9s<\/p><\/li><li data-start=\"5187\" data-end=\"5226\"><p data-start=\"5190\" data-end=\"5226\">Strat\u00e9gi\u00e1k kidolgoz\u00e1sa + akci\u00f3terv<\/p><\/li><li data-start=\"5227\" data-end=\"5256\"><p data-start=\"5230\" data-end=\"5256\">Implement\u00e1ci\u00f3s t\u00e1mogat\u00e1s<\/p><\/li><li data-start=\"5257\" data-end=\"5290\"><p data-start=\"5260\" data-end=\"5290\">Eredm\u00e9nym\u00e9r\u00e9s \u00e9s finomhangol\u00e1s<\/p><\/li><\/ol>\t\t\t\t\t\t\t\t<\/div>\n\t\t\t\t<\/div>\n\t\t\t\t\t<\/div>\n\t\t\t\t<\/div>\n\t\t<div class=\"elementor-element elementor-element-15c8cc7 e-flex e-con-boxed e-con e-parent\" data-id=\"15c8cc7\" data-element_type=\"container\" data-e-type=\"container\">\n\t\t\t\t\t<div class=\"e-con-inner\">\n\t\t\t\t\t<\/div>\n\t\t\t\t<\/div>\n\t\t\t\t<\/div>","protected":false},"excerpt":{"rendered":"<p>\ud83c\udf0d\u00dczletfejleszt\u00e9s Tudatos n\u00f6veked\u00e9s, stabil alapokra \u00e9p\u00edtve. \u00a0 C\u00e9gre szabott \u00fczletfejleszt\u00e9si tan\u00e1csad\u00e1sunk seg\u00edt abban, hogy v\u00e1llalkoz\u00e1sod struktur\u00e1ltan, l\u00e9p\u00e9sr\u0151l l\u00e9p\u00e9sre fejl\u0151dj\u00f6n \u00e9s tart\u00f3s versenyel\u0151nyh\u00f6z jusson. Mit tartalmaz? Piac- \u00e9s c\u00e9lcsoport elemz\u00e9s \u00c1rstrat\u00e9gia, aj\u00e1nlati csomagok \u00c9rt\u00e9kes\u00edt\u00e9si folyamatok \u00e1talak\u00edt\u00e1sa M\u00e1rkafejleszt\u00e9s \u00e9s partneri h\u00e1l\u00f3zat\u00e9p\u00edt\u00e9s Digit\u00e1lis fejleszt\u00e9si ir\u00e1nyok Folyamat: C\u00e9gdiagn\u00f3zis \u00e9s c\u00e9lkit\u0171z\u00e9s Strat\u00e9gi\u00e1k kidolgoz\u00e1sa + akci\u00f3terv Implement\u00e1ci\u00f3s t\u00e1mogat\u00e1s Eredm\u00e9nym\u00e9r\u00e9s \u00e9s finomhangol\u00e1s<\/p>","protected":false},"author":1,"featured_media":0,"parent":0,"menu_order":0,"comment_status":"closed","ping_status":"closed","template":"","meta":{"footnotes":""},"class_list":["post-441","page","type-page","status-publish","hentry"],"_links":{"self":[{"href":"https:\/\/www.hypegroup.hu\/en\/wp-json\/wp\/v2\/pages\/441","targetHints":{"allow":["GET"]}}],"collection":[{"href":"https:\/\/www.hypegroup.hu\/en\/wp-json\/wp\/v2\/pages"}],"about":[{"href":"https:\/\/www.hypegroup.hu\/en\/wp-json\/wp\/v2\/types\/page"}],"author":[{"embeddable":true,"href":"https:\/\/www.hypegroup.hu\/en\/wp-json\/wp\/v2\/users\/1"}],"replies":[{"embeddable":true,"href":"https:\/\/www.hypegroup.hu\/en\/wp-json\/wp\/v2\/comments?post=441"}],"version-history":[{"count":7,"href":"https:\/\/www.hypegroup.hu\/en\/wp-json\/wp\/v2\/pages\/441\/revisions"}],"predecessor-version":[{"id":449,"href":"https:\/\/www.hypegroup.hu\/en\/wp-json\/wp\/v2\/pages\/441\/revisions\/449"}],"wp:attachment":[{"href":"https:\/\/www.hypegroup.hu\/en\/wp-json\/wp\/v2\/media?parent=441"}],"curies":[{"name":"wp","href":"https:\/\/api.w.org\/{rel}","templated":true}]}}