{"id":453,"date":"2025-07-08T17:43:10","date_gmt":"2025-07-08T15:43:10","guid":{"rendered":"https:\/\/www.hypegroup.hu\/?page_id=453"},"modified":"2025-07-08T18:43:12","modified_gmt":"2025-07-08T16:43:12","slug":"rendezvenyszervezes","status":"publish","type":"page","link":"https:\/\/www.hypegroup.hu\/en\/rendezvenyszervezes\/","title":{"rendered":"Event management"},"content":{"rendered":"<div data-elementor-type=\"wp-page\" data-elementor-id=\"453\" class=\"elementor elementor-453\">\n\t\t\t\t<div class=\"elementor-element elementor-element-3c07c78 e-flex e-con-boxed e-con e-parent\" data-id=\"3c07c78\" data-element_type=\"container\" data-e-type=\"container\">\n\t\t\t\t\t<div class=\"e-con-inner\">\n\t\t\t\t<div class=\"elementor-element elementor-element-5cb95f8 elementor-widget elementor-widget-heading\" data-id=\"5cb95f8\" data-element_type=\"widget\" data-e-type=\"widget\" data-widget_type=\"heading.default\">\n\t\t\t\t<div class=\"elementor-widget-container\">\n\t\t\t\t\t<h2 class=\"elementor-heading-title elementor-size-default\">\ud83d\udcc5 Rendezv\u00e9nyszervez\u00e9s<\/h2>\t\t\t\t<\/div>\n\t\t\t\t<\/div>\n\t\t\t\t\t<\/div>\n\t\t\t\t<\/div>\n\t\t<div class=\"elementor-element elementor-element-734686d e-flex e-con-boxed e-con e-parent\" data-id=\"734686d\" data-element_type=\"container\" data-e-type=\"container\">\n\t\t\t\t\t<div class=\"e-con-inner\">\n\t\t\t\t<div class=\"elementor-element elementor-element-070596b elementor-widget elementor-widget-text-editor\" data-id=\"070596b\" data-element_type=\"widget\" data-e-type=\"widget\" data-widget_type=\"text-editor.default\">\n\t\t\t\t<div class=\"elementor-widget-container\">\n\t\t\t\t\t\t\t\t\t<h4>\u00c9lm\u00e9nyt adunk \u00e9s k\u00f6z\u00f6ss\u00e9get \u00e9p\u00edt\u00fcnk.<\/h4>\t\t\t\t\t\t\t\t<\/div>\n\t\t\t\t<\/div>\n\t\t\t\t<div class=\"elementor-element elementor-element-4e95bcf elementor-widget elementor-widget-image\" data-id=\"4e95bcf\" data-element_type=\"widget\" data-e-type=\"widget\" data-widget_type=\"image.default\">\n\t\t\t\t<div class=\"elementor-widget-container\">\n\t\t\t\t\t\t\t\t\t\t\t\t\t\t\t<img fetchpriority=\"high\" decoding=\"async\" width=\"1875\" height=\"1875\" src=\"https:\/\/www.hypegroup.hu\/wp-content\/uploads\/2025\/06\/83909828_638895479986532_6874237505349091328_n.jpg\" class=\"attachment-full size-full wp-image-302\" alt=\"\" srcset=\"https:\/\/www.hypegroup.hu\/wp-content\/uploads\/2025\/06\/83909828_638895479986532_6874237505349091328_n.jpg 1875w, https:\/\/www.hypegroup.hu\/wp-content\/uploads\/2025\/06\/83909828_638895479986532_6874237505349091328_n-300x300.jpg 300w, https:\/\/www.hypegroup.hu\/wp-content\/uploads\/2025\/06\/83909828_638895479986532_6874237505349091328_n-1024x1024.jpg 1024w, https:\/\/www.hypegroup.hu\/wp-content\/uploads\/2025\/06\/83909828_638895479986532_6874237505349091328_n-150x150.jpg 150w, https:\/\/www.hypegroup.hu\/wp-content\/uploads\/2025\/06\/83909828_638895479986532_6874237505349091328_n-768x768.jpg 768w, https:\/\/www.hypegroup.hu\/wp-content\/uploads\/2025\/06\/83909828_638895479986532_6874237505349091328_n-1536x1536.jpg 1536w\" sizes=\"(max-width: 1875px) 100vw, 1875px\" \/>\t\t\t\t\t\t\t\t\t\t\t\t\t\t\t<\/div>\n\t\t\t\t<\/div>\n\t\t\t\t\t<\/div>\n\t\t\t\t<\/div>\n\t\t<div class=\"elementor-element elementor-element-4f93771 e-flex e-con-boxed e-con e-parent\" data-id=\"4f93771\" data-element_type=\"container\" data-e-type=\"container\">\n\t\t\t\t\t<div class=\"e-con-inner\">\n\t\t\t\t<div class=\"elementor-element elementor-element-3c844e8 elementor-widget elementor-widget-text-editor\" data-id=\"3c844e8\" data-element_type=\"widget\" data-e-type=\"widget\" data-widget_type=\"text-editor.default\">\n\t\t\t\t<div class=\"elementor-widget-container\">\n\t\t\t\t\t\t\t\t\t<p data-start=\"4221\" data-end=\"4338\">Profi rendezv\u00e9nyeink t\u00falmutatnak a dekor\u00e1ci\u00f3n. <strong data-start=\"4268\" data-end=\"4290\">\u00c9rt\u00e9ket teremtenek<\/strong>, m\u00e1rk\u00e1t \u00e9p\u00edtenek \u00e9s kapcsolatokat hoznak l\u00e9tre.<\/p><p data-start=\"4340\" data-end=\"4358\"><strong data-start=\"4340\" data-end=\"4358\">Mit v\u00e1llalunk?<\/strong><\/p><ul data-start=\"4359\" data-end=\"4540\"><li data-start=\"4359\" data-end=\"4394\"><p data-start=\"4361\" data-end=\"4394\">Teljes k\u00f6r\u0171 rendezv\u00e9nyszervez\u00e9s<\/p><\/li><li data-start=\"4395\" data-end=\"4437\"><p data-start=\"4397\" data-end=\"4437\">C\u00e9ges esem\u00e9nyek, workshopok, megnyit\u00f3k<\/p><\/li><li data-start=\"4438\" data-end=\"4477\"><p data-start=\"4440\" data-end=\"4477\">Helysz\u00ednkeres\u00e9s, catering, branding<\/p><\/li><li data-start=\"4478\" data-end=\"4504\"><p data-start=\"4480\" data-end=\"4504\">Technikai lebonyol\u00edt\u00e1s<\/p><\/li><li data-start=\"4505\" data-end=\"4540\"><p data-start=\"4507\" data-end=\"4540\">Kommunik\u00e1ci\u00f3s \u00e9s prom\u00f3ci\u00f3s h\u00e1tt\u00e9r<\/p><\/li><\/ul><p data-start=\"4542\" data-end=\"4557\"><strong data-start=\"4542\" data-end=\"4557\">A folyamat:<\/strong><\/p><ol data-start=\"4558\" data-end=\"4699\"><li data-start=\"4558\" data-end=\"4583\"><p data-start=\"4561\" data-end=\"4583\">Konzult\u00e1ci\u00f3 \u00e9s brief<\/p><\/li><li data-start=\"4584\" data-end=\"4620\"><p data-start=\"4587\" data-end=\"4620\">Helysz\u00edn- \u00e9s partnerkoordin\u00e1ci\u00f3<\/p><\/li><li data-start=\"4621\" data-end=\"4659\"><p data-start=\"4624\" data-end=\"4659\">Id\u0151vonal \u00e9s k\u00f6lts\u00e9gvet\u00e9s tervez\u00e9s<\/p><\/li><li data-start=\"4660\" data-end=\"4699\"><p data-start=\"4663\" data-end=\"4699\">Teljes kivitelez\u00e9s + ut\u00f3kommunik\u00e1ci\u00f3<\/p><\/li><\/ol>\t\t\t\t\t\t\t\t<\/div>\n\t\t\t\t<\/div>\n\t\t\t\t\t<\/div>\n\t\t\t\t<\/div>\n\t\t<div class=\"elementor-element elementor-element-2e2e8b8 e-flex e-con-boxed e-con e-parent\" data-id=\"2e2e8b8\" data-element_type=\"container\" data-e-type=\"container\">\n\t\t\t\t\t<div class=\"e-con-inner\">\n\t\t\t\t<div class=\"elementor-element elementor-element-cf4b17a elementor-widget elementor-widget-image-gallery\" data-id=\"cf4b17a\" data-element_type=\"widget\" data-e-type=\"widget\" data-widget_type=\"image-gallery.default\">\n\t\t\t\t<div class=\"elementor-widget-container\">\n\t\t\t\t\t\t\t<div class=\"elementor-image-gallery\">\n\t\t\t<div id='gallery-1' class='gallery galleryid-453 gallery-columns-4 gallery-size-medium'><figure class='gallery-item'>\n\t\t\t<div class='gallery-icon landscape'>\n\t\t\t\t<a data-elementor-open-lightbox=\"yes\" data-elementor-lightbox-slideshow=\"cf4b17a\" data-e-action-hash=\"#elementor-action%3Aaction%3Dlightbox%26settings%3DeyJpZCI6Mjg3LCJ1cmwiOiJodHRwczpcL1wvd3d3Lmh5cGVncm91cC5odVwvd3AtY29udGVudFwvdXBsb2Fkc1wvMjAyNVwvMDZcL0lNR183NzY1LXNjYWxlZC5qcGVnIiwic2xpZGVzaG93IjoiY2Y0YjE3YSJ9\" href='https:\/\/www.hypegroup.hu\/wp-content\/uploads\/2025\/06\/IMG_7765-scaled.jpeg'><img decoding=\"async\" width=\"300\" height=\"225\" src=\"https:\/\/www.hypegroup.hu\/wp-content\/uploads\/2025\/06\/IMG_7765-300x225.jpeg\" class=\"attachment-medium size-medium\" alt=\"\" srcset=\"https:\/\/www.hypegroup.hu\/wp-content\/uploads\/2025\/06\/IMG_7765-300x225.jpeg 300w, https:\/\/www.hypegroup.hu\/wp-content\/uploads\/2025\/06\/IMG_7765-1024x768.jpeg 1024w, https:\/\/www.hypegroup.hu\/wp-content\/uploads\/2025\/06\/IMG_7765-768x576.jpeg 768w, https:\/\/www.hypegroup.hu\/wp-content\/uploads\/2025\/06\/IMG_7765-1536x1152.jpeg 1536w, https:\/\/www.hypegroup.hu\/wp-content\/uploads\/2025\/06\/IMG_7765-2048x1536.jpeg 2048w\" sizes=\"(max-width: 300px) 100vw, 300px\" \/><\/a>\n\t\t\t<\/div><\/figure><figure class='gallery-item'>\n\t\t\t<div class='gallery-icon portrait'>\n\t\t\t\t<a data-elementor-open-lightbox=\"yes\" data-elementor-lightbox-slideshow=\"cf4b17a\" data-e-action-hash=\"#elementor-action%3Aaction%3Dlightbox%26settings%3DeyJpZCI6Mjg5LCJ1cmwiOiJodHRwczpcL1wvd3d3Lmh5cGVncm91cC5odVwvd3AtY29udGVudFwvdXBsb2Fkc1wvMjAyNVwvMDZcLzYxODQzNzUxXzQ3NTc0MDE0OTYzNTQwMF8zMzkwNDcyMjY2MDcxNDA4NjQwX24uanBnIiwic2xpZGVzaG93IjoiY2Y0YjE3YSJ9\" href='https:\/\/www.hypegroup.hu\/wp-content\/uploads\/2025\/06\/61843751_475740149635400_3390472266071408640_n.jpg'><img decoding=\"async\" width=\"284\" height=\"300\" src=\"https:\/\/www.hypegroup.hu\/wp-content\/uploads\/2025\/06\/61843751_475740149635400_3390472266071408640_n-284x300.jpg\" class=\"attachment-medium size-medium\" alt=\"\" srcset=\"https:\/\/www.hypegroup.hu\/wp-content\/uploads\/2025\/06\/61843751_475740149635400_3390472266071408640_n-284x300.jpg 284w, https:\/\/www.hypegroup.hu\/wp-content\/uploads\/2025\/06\/61843751_475740149635400_3390472266071408640_n-970x1024.jpg 970w, https:\/\/www.hypegroup.hu\/wp-content\/uploads\/2025\/06\/61843751_475740149635400_3390472266071408640_n-768x810.jpg 768w, https:\/\/www.hypegroup.hu\/wp-content\/uploads\/2025\/06\/61843751_475740149635400_3390472266071408640_n-1456x1536.jpg 1456w, https:\/\/www.hypegroup.hu\/wp-content\/uploads\/2025\/06\/61843751_475740149635400_3390472266071408640_n.jpg 1777w\" sizes=\"(max-width: 284px) 100vw, 284px\" \/><\/a>\n\t\t\t<\/div><\/figure><figure class='gallery-item'>\n\t\t\t<div class='gallery-icon landscape'>\n\t\t\t\t<a data-elementor-open-lightbox=\"yes\" data-elementor-lightbox-slideshow=\"cf4b17a\" data-e-action-hash=\"#elementor-action%3Aaction%3Dlightbox%26settings%3DeyJpZCI6MjkwLCJ1cmwiOiJodHRwczpcL1wvd3d3Lmh5cGVncm91cC5odVwvd3AtY29udGVudFwvdXBsb2Fkc1wvMjAyNVwvMDZcLzU3MjA0MDE5XzQ1MTI1NzUzNTQxNjk5NV84MTM2NTczNDA0OTAwNzUzNDA4X24uanBnIiwic2xpZGVzaG93IjoiY2Y0YjE3YSJ9\" href='https:\/\/www.hypegroup.hu\/wp-content\/uploads\/2025\/06\/57204019_451257535416995_8136573404900753408_n.jpg'><img loading=\"lazy\" decoding=\"async\" width=\"300\" height=\"200\" src=\"https:\/\/www.hypegroup.hu\/wp-content\/uploads\/2025\/06\/57204019_451257535416995_8136573404900753408_n-300x200.jpg\" class=\"attachment-medium size-medium\" alt=\"\" srcset=\"https:\/\/www.hypegroup.hu\/wp-content\/uploads\/2025\/06\/57204019_451257535416995_8136573404900753408_n-300x200.jpg 300w, https:\/\/www.hypegroup.hu\/wp-content\/uploads\/2025\/06\/57204019_451257535416995_8136573404900753408_n-1024x683.jpg 1024w, https:\/\/www.hypegroup.hu\/wp-content\/uploads\/2025\/06\/57204019_451257535416995_8136573404900753408_n-768x512.jpg 768w, https:\/\/www.hypegroup.hu\/wp-content\/uploads\/2025\/06\/57204019_451257535416995_8136573404900753408_n-1536x1024.jpg 1536w, https:\/\/www.hypegroup.hu\/wp-content\/uploads\/2025\/06\/57204019_451257535416995_8136573404900753408_n.jpg 1800w\" sizes=\"(max-width: 300px) 100vw, 300px\" \/><\/a>\n\t\t\t<\/div><\/figure><figure class='gallery-item'>\n\t\t\t<div class='gallery-icon landscape'>\n\t\t\t\t<a data-elementor-open-lightbox=\"yes\" data-elementor-lightbox-slideshow=\"cf4b17a\" data-e-action-hash=\"#elementor-action%3Aaction%3Dlightbox%26settings%3DeyJpZCI6MTcxLCJ1cmwiOiJodHRwczpcL1wvd3d3Lmh5cGVncm91cC5odVwvd3AtY29udGVudFwvdXBsb2Fkc1wvMjAyNVwvMDZcLzBFOEE5NjgxLXNjYWxlZC5qcGciLCJzbGlkZXNob3ciOiJjZjRiMTdhIn0%3D\" href='https:\/\/www.hypegroup.hu\/wp-content\/uploads\/2025\/06\/0E8A9681-scaled.jpg'><img loading=\"lazy\" decoding=\"async\" width=\"300\" height=\"200\" src=\"https:\/\/www.hypegroup.hu\/wp-content\/uploads\/2025\/06\/0E8A9681-300x200.jpg\" class=\"attachment-medium size-medium\" alt=\"\" srcset=\"https:\/\/www.hypegroup.hu\/wp-content\/uploads\/2025\/06\/0E8A9681-300x200.jpg 300w, https:\/\/www.hypegroup.hu\/wp-content\/uploads\/2025\/06\/0E8A9681-1024x683.jpg 1024w, https:\/\/www.hypegroup.hu\/wp-content\/uploads\/2025\/06\/0E8A9681-768x512.jpg 768w, https:\/\/www.hypegroup.hu\/wp-content\/uploads\/2025\/06\/0E8A9681-1536x1024.jpg 1536w, https:\/\/www.hypegroup.hu\/wp-content\/uploads\/2025\/06\/0E8A9681-2048x1365.jpg 2048w\" sizes=\"(max-width: 300px) 100vw, 300px\" \/><\/a>\n\t\t\t<\/div><\/figure><figure class='gallery-item'>\n\t\t\t<div class='gallery-icon landscape'>\n\t\t\t\t<a data-elementor-open-lightbox=\"yes\" data-elementor-lightbox-slideshow=\"cf4b17a\" data-e-action-hash=\"#elementor-action%3Aaction%3Dlightbox%26settings%3DeyJpZCI6NDU1LCJ1cmwiOiJodHRwczpcL1wvd3d3Lmh5cGVncm91cC5odVwvd3AtY29udGVudFwvdXBsb2Fkc1wvMjAyNVwvMDdcLzBFOEE5Mzg4LXNjYWxlZC5qcGciLCJzbGlkZXNob3ciOiJjZjRiMTdhIn0%3D\" href='https:\/\/www.hypegroup.hu\/wp-content\/uploads\/2025\/07\/0E8A9388-scaled.jpg'><img loading=\"lazy\" decoding=\"async\" width=\"300\" height=\"200\" src=\"https:\/\/www.hypegroup.hu\/wp-content\/uploads\/2025\/07\/0E8A9388-300x200.jpg\" class=\"attachment-medium size-medium\" alt=\"\" srcset=\"https:\/\/www.hypegroup.hu\/wp-content\/uploads\/2025\/07\/0E8A9388-300x200.jpg 300w, https:\/\/www.hypegroup.hu\/wp-content\/uploads\/2025\/07\/0E8A9388-1024x683.jpg 1024w, https:\/\/www.hypegroup.hu\/wp-content\/uploads\/2025\/07\/0E8A9388-768x512.jpg 768w, https:\/\/www.hypegroup.hu\/wp-content\/uploads\/2025\/07\/0E8A9388-1536x1024.jpg 1536w, https:\/\/www.hypegroup.hu\/wp-content\/uploads\/2025\/07\/0E8A9388-2048x1365.jpg 2048w\" sizes=\"(max-width: 300px) 100vw, 300px\" \/><\/a>\n\t\t\t<\/div><\/figure><figure class='gallery-item'>\n\t\t\t<div class='gallery-icon landscape'>\n\t\t\t\t<a data-elementor-open-lightbox=\"yes\" data-elementor-lightbox-slideshow=\"cf4b17a\" data-e-action-hash=\"#elementor-action%3Aaction%3Dlightbox%26settings%3DeyJpZCI6NDU2LCJ1cmwiOiJodHRwczpcL1wvd3d3Lmh5cGVncm91cC5odVwvd3AtY29udGVudFwvdXBsb2Fkc1wvMjAyNVwvMDdcLzBFOEE5NDEzLXNjYWxlZC5qcGciLCJzbGlkZXNob3ciOiJjZjRiMTdhIn0%3D\" href='https:\/\/www.hypegroup.hu\/wp-content\/uploads\/2025\/07\/0E8A9413-scaled.jpg'><img loading=\"lazy\" decoding=\"async\" width=\"300\" height=\"200\" src=\"https:\/\/www.hypegroup.hu\/wp-content\/uploads\/2025\/07\/0E8A9413-300x200.jpg\" class=\"attachment-medium size-medium\" alt=\"\" srcset=\"https:\/\/www.hypegroup.hu\/wp-content\/uploads\/2025\/07\/0E8A9413-300x200.jpg 300w, https:\/\/www.hypegroup.hu\/wp-content\/uploads\/2025\/07\/0E8A9413-1024x683.jpg 1024w, https:\/\/www.hypegroup.hu\/wp-content\/uploads\/2025\/07\/0E8A9413-768x512.jpg 768w, https:\/\/www.hypegroup.hu\/wp-content\/uploads\/2025\/07\/0E8A9413-1536x1024.jpg 1536w, https:\/\/www.hypegroup.hu\/wp-content\/uploads\/2025\/07\/0E8A9413-2048x1365.jpg 2048w\" sizes=\"(max-width: 300px) 100vw, 300px\" \/><\/a>\n\t\t\t<\/div><\/figure><figure class='gallery-item'>\n\t\t\t<div class='gallery-icon landscape'>\n\t\t\t\t<a data-elementor-open-lightbox=\"yes\" data-elementor-lightbox-slideshow=\"cf4b17a\" data-e-action-hash=\"#elementor-action%3Aaction%3Dlightbox%26settings%3DeyJpZCI6NDU3LCJ1cmwiOiJodHRwczpcL1wvd3d3Lmh5cGVncm91cC5odVwvd3AtY29udGVudFwvdXBsb2Fkc1wvMjAyNVwvMDdcLzBFOEE5NDI1LXNjYWxlZC5qcGciLCJzbGlkZXNob3ciOiJjZjRiMTdhIn0%3D\" href='https:\/\/www.hypegroup.hu\/wp-content\/uploads\/2025\/07\/0E8A9425-scaled.jpg'><img loading=\"lazy\" decoding=\"async\" width=\"300\" height=\"200\" src=\"https:\/\/www.hypegroup.hu\/wp-content\/uploads\/2025\/07\/0E8A9425-300x200.jpg\" class=\"attachment-medium size-medium\" alt=\"\" srcset=\"https:\/\/www.hypegroup.hu\/wp-content\/uploads\/2025\/07\/0E8A9425-300x200.jpg 300w, https:\/\/www.hypegroup.hu\/wp-content\/uploads\/2025\/07\/0E8A9425-1024x683.jpg 1024w, https:\/\/www.hypegroup.hu\/wp-content\/uploads\/2025\/07\/0E8A9425-768x512.jpg 768w, https:\/\/www.hypegroup.hu\/wp-content\/uploads\/2025\/07\/0E8A9425-1536x1024.jpg 1536w, https:\/\/www.hypegroup.hu\/wp-content\/uploads\/2025\/07\/0E8A9425-2048x1365.jpg 2048w\" sizes=\"(max-width: 300px) 100vw, 300px\" \/><\/a>\n\t\t\t<\/div><\/figure><figure class='gallery-item'>\n\t\t\t<div class='gallery-icon landscape'>\n\t\t\t\t<a data-elementor-open-lightbox=\"yes\" data-elementor-lightbox-slideshow=\"cf4b17a\" data-e-action-hash=\"#elementor-action%3Aaction%3Dlightbox%26settings%3DeyJpZCI6NDU4LCJ1cmwiOiJodHRwczpcL1wvd3d3Lmh5cGVncm91cC5odVwvd3AtY29udGVudFwvdXBsb2Fkc1wvMjAyNVwvMDdcLzBFOEE5NzM4LXNjYWxlZC5qcGciLCJzbGlkZXNob3ciOiJjZjRiMTdhIn0%3D\" href='https:\/\/www.hypegroup.hu\/wp-content\/uploads\/2025\/07\/0E8A9738-scaled.jpg'><img loading=\"lazy\" decoding=\"async\" width=\"300\" height=\"200\" src=\"https:\/\/www.hypegroup.hu\/wp-content\/uploads\/2025\/07\/0E8A9738-300x200.jpg\" class=\"attachment-medium size-medium\" alt=\"\" srcset=\"https:\/\/www.hypegroup.hu\/wp-content\/uploads\/2025\/07\/0E8A9738-300x200.jpg 300w, https:\/\/www.hypegroup.hu\/wp-content\/uploads\/2025\/07\/0E8A9738-1024x683.jpg 1024w, https:\/\/www.hypegroup.hu\/wp-content\/uploads\/2025\/07\/0E8A9738-768x512.jpg 768w, https:\/\/www.hypegroup.hu\/wp-content\/uploads\/2025\/07\/0E8A9738-1536x1024.jpg 1536w, https:\/\/www.hypegroup.hu\/wp-content\/uploads\/2025\/07\/0E8A9738-2048x1365.jpg 2048w\" sizes=\"(max-width: 300px) 100vw, 300px\" \/><\/a>\n\t\t\t<\/div><\/figure><figure class='gallery-item'>\n\t\t\t<div class='gallery-icon landscape'>\n\t\t\t\t<a data-elementor-open-lightbox=\"yes\" data-elementor-lightbox-slideshow=\"cf4b17a\" data-e-action-hash=\"#elementor-action%3Aaction%3Dlightbox%26settings%3DeyJpZCI6NDU5LCJ1cmwiOiJodHRwczpcL1wvd3d3Lmh5cGVncm91cC5odVwvd3AtY29udGVudFwvdXBsb2Fkc1wvMjAyNVwvMDdcL215aGl2ZV9icmVha2Zhc3QtMzQtc2NhbGVkLmpwZyIsInNsaWRlc2hvdyI6ImNmNGIxN2EifQ%3D%3D\" href='https:\/\/www.hypegroup.hu\/wp-content\/uploads\/2025\/07\/myhive_breakfast-34-scaled.jpg'><img loading=\"lazy\" decoding=\"async\" width=\"300\" height=\"200\" src=\"https:\/\/www.hypegroup.hu\/wp-content\/uploads\/2025\/07\/myhive_breakfast-34-300x200.jpg\" class=\"attachment-medium size-medium\" alt=\"\" srcset=\"https:\/\/www.hypegroup.hu\/wp-content\/uploads\/2025\/07\/myhive_breakfast-34-300x200.jpg 300w, https:\/\/www.hypegroup.hu\/wp-content\/uploads\/2025\/07\/myhive_breakfast-34-1024x683.jpg 1024w, https:\/\/www.hypegroup.hu\/wp-content\/uploads\/2025\/07\/myhive_breakfast-34-768x512.jpg 768w, https:\/\/www.hypegroup.hu\/wp-content\/uploads\/2025\/07\/myhive_breakfast-34-1536x1024.jpg 1536w, https:\/\/www.hypegroup.hu\/wp-content\/uploads\/2025\/07\/myhive_breakfast-34-2048x1365.jpg 2048w\" sizes=\"(max-width: 300px) 100vw, 300px\" \/><\/a>\n\t\t\t<\/div><\/figure><figure class='gallery-item'>\n\t\t\t<div class='gallery-icon landscape'>\n\t\t\t\t<a data-elementor-open-lightbox=\"yes\" data-elementor-lightbox-slideshow=\"cf4b17a\" data-e-action-hash=\"#elementor-action%3Aaction%3Dlightbox%26settings%3DeyJpZCI6NDY4LCJ1cmwiOiJodHRwczpcL1wvd3d3Lmh5cGVncm91cC5odVwvd3AtY29udGVudFwvdXBsb2Fkc1wvMjAyNVwvMDdcL0lNR18xMTYyLTEtc2NhbGVkLmpwZyIsInNsaWRlc2hvdyI6ImNmNGIxN2EifQ%3D%3D\" href='https:\/\/www.hypegroup.hu\/wp-content\/uploads\/2025\/07\/IMG_1162-1-scaled.jpg'><img loading=\"lazy\" decoding=\"async\" width=\"300\" height=\"225\" src=\"https:\/\/www.hypegroup.hu\/wp-content\/uploads\/2025\/07\/IMG_1162-1-300x225.jpg\" class=\"attachment-medium size-medium\" alt=\"\" srcset=\"https:\/\/www.hypegroup.hu\/wp-content\/uploads\/2025\/07\/IMG_1162-1-300x225.jpg 300w, https:\/\/www.hypegroup.hu\/wp-content\/uploads\/2025\/07\/IMG_1162-1-1024x768.jpg 1024w, https:\/\/www.hypegroup.hu\/wp-content\/uploads\/2025\/07\/IMG_1162-1-768x576.jpg 768w, https:\/\/www.hypegroup.hu\/wp-content\/uploads\/2025\/07\/IMG_1162-1-1536x1152.jpg 1536w, https:\/\/www.hypegroup.hu\/wp-content\/uploads\/2025\/07\/IMG_1162-1-2048x1536.jpg 2048w\" sizes=\"(max-width: 300px) 100vw, 300px\" \/><\/a>\n\t\t\t<\/div><\/figure><figure class='gallery-item'>\n\t\t\t<div class='gallery-icon landscape'>\n\t\t\t\t<a data-elementor-open-lightbox=\"yes\" data-elementor-lightbox-slideshow=\"cf4b17a\" data-e-action-hash=\"#elementor-action%3Aaction%3Dlightbox%26settings%3DeyJpZCI6NDY5LCJ1cmwiOiJodHRwczpcL1wvd3d3Lmh5cGVncm91cC5odVwvd3AtY29udGVudFwvdXBsb2Fkc1wvMjAyNVwvMDdcLzE2MDE2MjYyMzAxMzUuanBnIiwic2xpZGVzaG93IjoiY2Y0YjE3YSJ9\" href='https:\/\/www.hypegroup.hu\/wp-content\/uploads\/2025\/07\/1601626230135.jpg'><img loading=\"lazy\" decoding=\"async\" width=\"300\" height=\"200\" src=\"https:\/\/www.hypegroup.hu\/wp-content\/uploads\/2025\/07\/1601626230135-300x200.jpg\" class=\"attachment-medium size-medium\" alt=\"\" srcset=\"https:\/\/www.hypegroup.hu\/wp-content\/uploads\/2025\/07\/1601626230135-300x200.jpg 300w, https:\/\/www.hypegroup.hu\/wp-content\/uploads\/2025\/07\/1601626230135-768x512.jpg 768w, https:\/\/www.hypegroup.hu\/wp-content\/uploads\/2025\/07\/1601626230135.jpg 800w\" sizes=\"(max-width: 300px) 100vw, 300px\" \/><\/a>\n\t\t\t<\/div><\/figure><figure class='gallery-item'>\n\t\t\t<div class='gallery-icon landscape'>\n\t\t\t\t<a data-elementor-open-lightbox=\"yes\" data-elementor-lightbox-slideshow=\"cf4b17a\" data-e-action-hash=\"#elementor-action%3Aaction%3Dlightbox%26settings%3DeyJpZCI6NDcwLCJ1cmwiOiJodHRwczpcL1wvd3d3Lmh5cGVncm91cC5odVwvd3AtY29udGVudFwvdXBsb2Fkc1wvMjAyNVwvMDdcLzE1OTc3OTY4NzM2MDUuanBnIiwic2xpZGVzaG93IjoiY2Y0YjE3YSJ9\" href='https:\/\/www.hypegroup.hu\/wp-content\/uploads\/2025\/07\/1597796873605.jpg'><img loading=\"lazy\" decoding=\"async\" width=\"300\" height=\"218\" src=\"https:\/\/www.hypegroup.hu\/wp-content\/uploads\/2025\/07\/1597796873605-300x218.jpg\" class=\"attachment-medium size-medium\" alt=\"\" srcset=\"https:\/\/www.hypegroup.hu\/wp-content\/uploads\/2025\/07\/1597796873605-300x218.jpg 300w, https:\/\/www.hypegroup.hu\/wp-content\/uploads\/2025\/07\/1597796873605-768x559.jpg 768w, https:\/\/www.hypegroup.hu\/wp-content\/uploads\/2025\/07\/1597796873605.jpg 800w\" sizes=\"(max-width: 300px) 100vw, 300px\" \/><\/a>\n\t\t\t<\/div><\/figure>\n\t\t<\/div>\n\t\t<\/div>\n\t\t\t\t\t\t<\/div>\n\t\t\t\t<\/div>\n\t\t\t\t\t<\/div>\n\t\t\t\t<\/div>\n\t\t\t\t<\/div>","protected":false},"excerpt":{"rendered":"<p>\ud83d\udcc5 Rendezv\u00e9nyszervez\u00e9s \u00c9lm\u00e9nyt adunk \u00e9s k\u00f6z\u00f6ss\u00e9get \u00e9p\u00edt\u00fcnk. Profi rendezv\u00e9nyeink t\u00falmutatnak a dekor\u00e1ci\u00f3n. \u00c9rt\u00e9ket teremtenek, m\u00e1rk\u00e1t \u00e9p\u00edtenek \u00e9s kapcsolatokat hoznak l\u00e9tre. Mit v\u00e1llalunk? Teljes k\u00f6r\u0171 rendezv\u00e9nyszervez\u00e9s C\u00e9ges esem\u00e9nyek, workshopok, megnyit\u00f3k Helysz\u00ednkeres\u00e9s, catering, branding Technikai lebonyol\u00edt\u00e1s Kommunik\u00e1ci\u00f3s \u00e9s prom\u00f3ci\u00f3s h\u00e1tt\u00e9r A folyamat: Konzult\u00e1ci\u00f3 \u00e9s brief Helysz\u00edn- \u00e9s partnerkoordin\u00e1ci\u00f3 Id\u0151vonal \u00e9s k\u00f6lts\u00e9gvet\u00e9s tervez\u00e9s Teljes kivitelez\u00e9s + ut\u00f3kommunik\u00e1ci\u00f3<\/p>","protected":false},"author":1,"featured_media":0,"parent":0,"menu_order":0,"comment_status":"closed","ping_status":"closed","template":"","meta":{"footnotes":""},"class_list":["post-453","page","type-page","status-publish","hentry"],"_links":{"self":[{"href":"https:\/\/www.hypegroup.hu\/en\/wp-json\/wp\/v2\/pages\/453","targetHints":{"allow":["GET"]}}],"collection":[{"href":"https:\/\/www.hypegroup.hu\/en\/wp-json\/wp\/v2\/pages"}],"about":[{"href":"https:\/\/www.hypegroup.hu\/en\/wp-json\/wp\/v2\/types\/page"}],"author":[{"embeddable":true,"href":"https:\/\/www.hypegroup.hu\/en\/wp-json\/wp\/v2\/users\/1"}],"replies":[{"embeddable":true,"href":"https:\/\/www.hypegroup.hu\/en\/wp-json\/wp\/v2\/comments?post=453"}],"version-history":[{"count":7,"href":"https:\/\/www.hypegroup.hu\/en\/wp-json\/wp\/v2\/pages\/453\/revisions"}],"predecessor-version":[{"id":513,"href":"https:\/\/www.hypegroup.hu\/en\/wp-json\/wp\/v2\/pages\/453\/revisions\/513"}],"wp:attachment":[{"href":"https:\/\/www.hypegroup.hu\/en\/wp-json\/wp\/v2\/media?parent=453"}],"curies":[{"name":"wp","href":"https:\/\/api.w.org\/{rel}","templated":true}]}}